{"id":78,"date":"2017-01-06T09:27:39","date_gmt":"2017-01-06T08:27:39","guid":{"rendered":"http:\/\/www.acpf-metallerie.fr\/?page_id=78"},"modified":"2017-01-19T17:33:53","modified_gmt":"2017-01-19T16:33:53","slug":"qui-sommes-nous","status":"publish","type":"page","link":"https:\/\/www.acpf-metallerie.fr\/","title":{"rendered":"Qui sommes-nous ?"},"content":{"rendered":"<p>[vc_row][vc_column][vc_column_text]<\/p>\n<h4><span style=\"color: #ccffff;\"><strong>La soci\u00e9t\u00e9 A.C.P.F est une entreprise artisanale de\u00a0taille humaine sp\u00e9cialis\u00e9e dans le travail de l\u2019acier\u00a0depuis 1993.<\/strong><\/span><\/h4>\n<h4><span style=\"color: #ccffff;\"><strong>Situ\u00e9e \u00e0 Bollezeele dans le Nord-Pas-de-Calais, nous fabriquons et posons des ouvrages m\u00e9talliques allant du garde-corps au portail d\u2019entr\u00e9e.<\/strong><\/span><\/h4>\n<h4><span style=\"color: #ccffff;\"><strong>Notre savoir-faire nous permet d&rsquo;intervenir sur diff\u00e9rents secteurs d&rsquo;activit\u00e9s :collectivit\u00e9s, entreprises du b\u00e2timent, artisans, bailleurs sociaux, particuliers.<\/strong><\/span><\/h4>\n<p>[\/vc_column_text][\/vc_column][\/vc_row][vc_row][vc_column width=\u00a0\u00bb1\/3&Prime;][vc_gmaps link=\u00a0\u00bb#E-8_JTNDaWZyYW1lJTIwc3JjJTNEJTIyaHR0cHMlM0ElMkYlMkZ3d3cuZ29vZ2xlLmNvbSUyRm1hcHMlMkZlbWJlZCUzRnBiJTNEJTIxMW0xOCUyMTFtMTIlMjExbTMlMjExZDI1MTcuOTU4NDM4MDc2MTk5NCUyMTJkMi4zNDQ3ODQ0NTE1MTUyNzUlMjEzZDUwLjg2ODk2OTE3OTQzNDk0JTIxMm0zJTIxMWYwJTIxMmYwJTIxM2YwJTIxM20yJTIxMWkxMDI0JTIxMmk3NjglMjE0ZjEzLjElMjEzbTMlMjExbTIlMjExczB4NDdkY2Y2ZDQ4ODhiNWZkMyUyNTNBMHg1MmIxMzdjNzZlYmQ1MjAxJTIxMnNBJTJCQyUyQlAlMkJGJTIxNWUwJTIxM20yJTIxMXNmciUyMTJzZnIlMjE0djE0ODQyMjIwNTM1MDIlMjIlMjB3aWR0aCUzRCUyMjYwMCUyMiUyMGhlaWdodCUzRCUyMjQ1MCUyMiUyMGZyYW1lYm9yZGVyJTNEJTIyMCUyMiUyMHN0eWxlJTNEJTIyYm9yZGVyJTNBMCUyMiUyMGFsbG93ZnVsbHNjcmVlbiUzRSUzQyUyRmlmcmFtZSUzRQ==\u00a0\u00bb size=\u00a0\u00bb350&Prime; title=\u00a0\u00bbLocalisation\u00a0\u00bb][\/vc_column][vc_column width=\u00a0\u00bb1\/3&Prime;][\/vc_column][vc_column width=\u00a0\u00bb1\/3&Prime;][vc_images_carousel images=\u00a0\u00bb117,118,25,24,23,115,19,18,120,121,122,123,119&Prime; img_size=\u00a0\u00bbmedium\u00a0\u00bb speed=\u00a0\u00bb2000&Prime; autoplay=\u00a0\u00bbyes\u00a0\u00bb hide_pagination_control=\u00a0\u00bbyes\u00a0\u00bb wrap=\u00a0\u00bbyes\u00a0\u00bb title=\u00a0\u00bbR\u00e9alisations diverses\u00a0\u00bb][\/vc_column][\/vc_row][vc_row][vc_column][\/vc_column][\/vc_row]<\/p>\n","protected":false},"excerpt":{"rendered":"<p>[vc_row][vc_column][vc_column_text] La soci\u00e9t\u00e9 A.C.P.F est une entreprise artisanale de\u00a0taille humaine sp\u00e9cialis\u00e9e dans le travail de l\u2019acier\u00a0depuis 1993. Situ\u00e9e \u00e0 Bollezeele dans le Nord-Pas-de-Calais, nous fabriquons&#8230;<\/p>\n","protected":false},"author":1,"featured_media":0,"parent":0,"menu_order":0,"comment_status":"closed","ping_status":"closed","template":"","meta":{"footnotes":""},"categories":[],"tags":[],"yoast_head":"<!-- This site is optimized with the Yoast SEO plugin v21.9 - https:\/\/yoast.com\/wordpress\/plugins\/seo\/ -->\n<title>ACPF M\u00e9tallerie ferronnerie, menuiserie m\u00e9tallique, structure acier.<\/title>\n<meta name=\"description\" content=\"La soci\u00e9t\u00e9 ACPF sp\u00e9cialis\u00e9e en m\u00e9tallerie de b\u00e2timent depuis 1993, fabrique et pose des ouvrages m\u00e9talliques allant du garde-corps au portail d\u2019entr\u00e9e.\" \/>\n<meta name=\"robots\" content=\"index, follow, max-snippet:-1, max-image-preview:large, max-video-preview:-1\" \/>\n<link rel=\"canonical\" href=\"https:\/\/www.acpf-metallerie.fr\/\" \/>\n<meta property=\"og:locale\" content=\"fr_FR\" \/>\n<meta property=\"og:type\" content=\"article\" \/>\n<meta property=\"og:title\" content=\"Metallerie ACPF - Bollezeele\" \/>\n<meta property=\"og:description\" content=\"La soci\u00e9t\u00e9 ACPF sp\u00e9cialis\u00e9e en m\u00e9tallerie de b\u00e2timent depuis 1993, fabrique et pose des ouvrages m\u00e9talliques allant du garde-corps au portail d\u2019entr\u00e9e.\" \/>\n<meta property=\"og:url\" content=\"https:\/\/www.acpf-metallerie.fr\/\" \/>\n<meta property=\"og:site_name\" content=\"Metallerie Serrurerie ACPF\" \/>\n<meta property=\"article:publisher\" content=\"https:\/\/www.facebook.com\/SARL-ACPF-M%c3%a9tallerie-Serrurerie-153186021445266\/\" \/>\n<meta property=\"article:modified_time\" content=\"2017-01-19T16:33:53+00:00\" \/>\n<meta name=\"twitter:card\" content=\"summary_large_image\" \/>\n<meta name=\"twitter:label1\" content=\"Dur\u00e9e de lecture estim\u00e9e\" \/>\n\t<meta name=\"twitter:data1\" content=\"1 minute\" \/>\n<script type=\"application\/ld+json\" class=\"yoast-schema-graph\">{\"@context\":\"https:\/\/schema.org\",\"@graph\":[{\"@type\":\"WebPage\",\"@id\":\"https:\/\/www.acpf-metallerie.fr\/\",\"url\":\"https:\/\/www.acpf-metallerie.fr\/\",\"name\":\"ACPF M\u00e9tallerie ferronnerie, menuiserie m\u00e9tallique, structure acier.\",\"isPartOf\":{\"@id\":\"https:\/\/www.acpf-metallerie.fr\/#website\"},\"datePublished\":\"2017-01-06T08:27:39+00:00\",\"dateModified\":\"2017-01-19T16:33:53+00:00\",\"description\":\"La soci\u00e9t\u00e9 ACPF sp\u00e9cialis\u00e9e en m\u00e9tallerie de b\u00e2timent depuis 1993, fabrique et pose des ouvrages m\u00e9talliques allant du garde-corps au portail d\u2019entr\u00e9e.\",\"breadcrumb\":{\"@id\":\"https:\/\/www.acpf-metallerie.fr\/#breadcrumb\"},\"inLanguage\":\"fr-FR\",\"potentialAction\":[{\"@type\":\"ReadAction\",\"target\":[\"https:\/\/www.acpf-metallerie.fr\/\"]}]},{\"@type\":\"BreadcrumbList\",\"@id\":\"https:\/\/www.acpf-metallerie.fr\/#breadcrumb\",\"itemListElement\":[{\"@type\":\"ListItem\",\"position\":1,\"name\":\"Accueil\",\"item\":\"https:\/\/www.acpf-metallerie.fr\/\"},{\"@type\":\"ListItem\",\"position\":2,\"name\":\"Qui sommes-nous ?\"}]},{\"@type\":\"WebSite\",\"@id\":\"https:\/\/www.acpf-metallerie.fr\/#website\",\"url\":\"https:\/\/www.acpf-metallerie.fr\/\",\"name\":\"Metallerie Serrurerie ACPF\",\"description\":\"Atelier Construction Peinture des Flandres\",\"potentialAction\":[{\"@type\":\"SearchAction\",\"target\":{\"@type\":\"EntryPoint\",\"urlTemplate\":\"https:\/\/www.acpf-metallerie.fr\/?s={search_term_string}\"},\"query-input\":\"required name=search_term_string\"}],\"inLanguage\":\"fr-FR\"}]}<\/script>\n<!-- \/ Yoast SEO plugin. -->","yoast_head_json":{"title":"ACPF M\u00e9tallerie ferronnerie, menuiserie m\u00e9tallique, structure acier.","description":"La soci\u00e9t\u00e9 ACPF sp\u00e9cialis\u00e9e en m\u00e9tallerie de b\u00e2timent depuis 1993, fabrique et pose des ouvrages m\u00e9talliques allant du garde-corps au portail d\u2019entr\u00e9e.","robots":{"index":"index","follow":"follow","max-snippet":"max-snippet:-1","max-image-preview":"max-image-preview:large","max-video-preview":"max-video-preview:-1"},"canonical":"https:\/\/www.acpf-metallerie.fr\/","og_locale":"fr_FR","og_type":"article","og_title":"Metallerie ACPF - Bollezeele","og_description":"La soci\u00e9t\u00e9 ACPF sp\u00e9cialis\u00e9e en m\u00e9tallerie de b\u00e2timent depuis 1993, fabrique et pose des ouvrages m\u00e9talliques allant du garde-corps au portail d\u2019entr\u00e9e.","og_url":"https:\/\/www.acpf-metallerie.fr\/","og_site_name":"Metallerie Serrurerie ACPF","article_publisher":"https:\/\/www.facebook.com\/SARL-ACPF-M%c3%a9tallerie-Serrurerie-153186021445266\/","article_modified_time":"2017-01-19T16:33:53+00:00","twitter_card":"summary_large_image","twitter_misc":{"Dur\u00e9e de lecture estim\u00e9e":"1 minute"},"schema":{"@context":"https:\/\/schema.org","@graph":[{"@type":"WebPage","@id":"https:\/\/www.acpf-metallerie.fr\/","url":"https:\/\/www.acpf-metallerie.fr\/","name":"ACPF M\u00e9tallerie ferronnerie, menuiserie m\u00e9tallique, structure acier.","isPartOf":{"@id":"https:\/\/www.acpf-metallerie.fr\/#website"},"datePublished":"2017-01-06T08:27:39+00:00","dateModified":"2017-01-19T16:33:53+00:00","description":"La soci\u00e9t\u00e9 ACPF sp\u00e9cialis\u00e9e en m\u00e9tallerie de b\u00e2timent depuis 1993, fabrique et pose des ouvrages m\u00e9talliques allant du garde-corps au portail d\u2019entr\u00e9e.","breadcrumb":{"@id":"https:\/\/www.acpf-metallerie.fr\/#breadcrumb"},"inLanguage":"fr-FR","potentialAction":[{"@type":"ReadAction","target":["https:\/\/www.acpf-metallerie.fr\/"]}]},{"@type":"BreadcrumbList","@id":"https:\/\/www.acpf-metallerie.fr\/#breadcrumb","itemListElement":[{"@type":"ListItem","position":1,"name":"Accueil","item":"https:\/\/www.acpf-metallerie.fr\/"},{"@type":"ListItem","position":2,"name":"Qui sommes-nous ?"}]},{"@type":"WebSite","@id":"https:\/\/www.acpf-metallerie.fr\/#website","url":"https:\/\/www.acpf-metallerie.fr\/","name":"Metallerie Serrurerie ACPF","description":"Atelier Construction Peinture des Flandres","potentialAction":[{"@type":"SearchAction","target":{"@type":"EntryPoint","urlTemplate":"https:\/\/www.acpf-metallerie.fr\/?s={search_term_string}"},"query-input":"required name=search_term_string"}],"inLanguage":"fr-FR"}]}},"_links":{"self":[{"href":"https:\/\/www.acpf-metallerie.fr\/index.php\/wp-json\/wp\/v2\/pages\/78"}],"collection":[{"href":"https:\/\/www.acpf-metallerie.fr\/index.php\/wp-json\/wp\/v2\/pages"}],"about":[{"href":"https:\/\/www.acpf-metallerie.fr\/index.php\/wp-json\/wp\/v2\/types\/page"}],"author":[{"embeddable":true,"href":"https:\/\/www.acpf-metallerie.fr\/index.php\/wp-json\/wp\/v2\/users\/1"}],"replies":[{"embeddable":true,"href":"https:\/\/www.acpf-metallerie.fr\/index.php\/wp-json\/wp\/v2\/comments?post=78"}],"version-history":[{"count":20,"href":"https:\/\/www.acpf-metallerie.fr\/index.php\/wp-json\/wp\/v2\/pages\/78\/revisions"}],"predecessor-version":[{"id":99,"href":"https:\/\/www.acpf-metallerie.fr\/index.php\/wp-json\/wp\/v2\/pages\/78\/revisions\/99"}],"wp:attachment":[{"href":"https:\/\/www.acpf-metallerie.fr\/index.php\/wp-json\/wp\/v2\/media?parent=78"}],"wp:term":[{"taxonomy":"category","embeddable":true,"href":"https:\/\/www.acpf-metallerie.fr\/index.php\/wp-json\/wp\/v2\/categories?post=78"},{"taxonomy":"post_tag","embeddable":true,"href":"https:\/\/www.acpf-metallerie.fr\/index.php\/wp-json\/wp\/v2\/tags?post=78"}],"curies":[{"name":"wp","href":"https:\/\/api.w.org\/{rel}","templated":true}]}}