{"id":84,"date":"2017-01-06T09:29:55","date_gmt":"2017-01-06T08:29:55","guid":{"rendered":"http:\/\/www.acpf-metallerie.fr\/?page_id=84"},"modified":"2017-03-28T09:02:37","modified_gmt":"2017-03-28T07:02:37","slug":"menuiserie-metallique","status":"publish","type":"page","link":"https:\/\/www.acpf-metallerie.fr\/index.php\/menuiserie-metallique\/","title":{"rendered":"Menuiserie m\u00e9tallique"},"content":{"rendered":"<p>[vc_row][vc_column width=\u00a0\u00bb5\/6&Prime;][vc_column_text css_animation=\u00a0\u00bbleft-to-right\u00a0\u00bb]<div id=\"gallery-1\" class=\"gallery galleryid-1 default columns_3 gallery-columns-3  gallery-size-medium \">\n<dl class=\"gallery-item gallery-startcol\">\n\t<dt class=\"gallery-icon\"><a href=\"https:\/\/www.acpf-metallerie.fr\/wp-content\/uploads\/2017\/01\/20170326_122527.jpg\" title=\"Porte Atelier1\/4\">\t\t\t<img loading=\"lazy\" decoding=\"async\" src=\"https:\/\/www.acpf-metallerie.fr\/wp-content\/uploads\/2017\/01\/20170326_122527-225x300.jpg\" width=\"225\" height=\"300\" title=\"Porte Atelier1\/4\" class=\"attachment-medium\" alt=\"Porte Atelier1\/4\" \/><\/a>\t<\/dt>\n\t\t<dd class=\"wp-caption-text gallery-caption\">\n\t\tPorte type Atelier 4\/4\t<\/dd><\/dl>\n<dl class=\"gallery-item\">\n\t<dt class=\"gallery-icon\"><a href=\"https:\/\/www.acpf-metallerie.fr\/wp-content\/uploads\/2017\/01\/20170327_064227.jpg\" title=\"Porte Atelier3\/4\">\t\t\t<img loading=\"lazy\" decoding=\"async\" src=\"https:\/\/www.acpf-metallerie.fr\/wp-content\/uploads\/2017\/01\/20170327_064227-225x300.jpg\" width=\"225\" height=\"300\" title=\"Porte Atelier3\/4\" class=\"attachment-medium\" alt=\"Porte Atelier3\/4\" \/><\/a>\t<\/dt>\n\t\t<dd class=\"wp-caption-text gallery-caption\">\n\t\tPorte type Atelier 2\/4\t<\/dd><\/dl>\n<dl class=\"gallery-item gallery-endcol\">\n\t<dt class=\"gallery-icon\"><a href=\"https:\/\/www.acpf-metallerie.fr\/wp-content\/uploads\/2017\/01\/20170327_064240.jpg\" title=\"Porte Atelier 4\/4\">\t\t\t<img loading=\"lazy\" decoding=\"async\" src=\"https:\/\/www.acpf-metallerie.fr\/wp-content\/uploads\/2017\/01\/20170327_064240-225x300.jpg\" width=\"225\" height=\"300\" title=\"Porte Atelier 4\/4\" class=\"attachment-medium\" alt=\"Porte Atelier 4\/4\" \/><\/a>\t<\/dt>\n\t\t<dd class=\"wp-caption-text gallery-caption\">\n\t\tPorte type Atelier 1\/4\t<\/dd><\/dl>\n\n<br class='clear' \/>\n\n\n<\/div>[\/vc_column_text][vc_column_text]<\/p>\n<pre>R\u00e9alisation sur mesure de : portes Issue de secours,portes m\u00e9tallique, portes coupe-feu, sas d'entr\u00e9e ..<\/pre>\n<div id=\"gallery-2\" class=\"gallery galleryid-2 default columns_3 gallery-columns-3  gallery-size-medium \">\n<dl class=\"gallery-item gallery-startcol\">\n\t<dt class=\"gallery-icon\">\t\t\t<img loading=\"lazy\" decoding=\"async\" src=\"https:\/\/www.acpf-metallerie.fr\/wp-content\/uploads\/2017\/01\/IMG_1754-225x300.jpg\" width=\"225\" height=\"300\" title=\"img_1754\" class=\"attachment-medium\" alt=\"img_1754\" \/>\t<\/dt>\n\t\t<dd class=\"wp-caption-text gallery-caption\">\n\t\tporte grillag\u00e9e\t<\/dd><\/dl>\n<dl class=\"gallery-item\">\n\t<dt class=\"gallery-icon\">\t\t\t<img loading=\"lazy\" decoding=\"async\" src=\"https:\/\/www.acpf-metallerie.fr\/wp-content\/uploads\/2016\/10\/20140109_135549.jpg\" width=\"225\" height=\"300\" title=\"Porte Issue de Secours\" class=\"attachment-medium\" alt=\"Porte Issue de Secours\" \/>\t<\/dt>\n\t\t<dd class=\"wp-caption-text gallery-caption\">\n\t\tPorte issue de secours\t<\/dd><\/dl>\n<dl class=\"gallery-item gallery-endcol\">\n\t<dt class=\"gallery-icon\">\t\t\t<img loading=\"lazy\" decoding=\"async\" src=\"https:\/\/www.acpf-metallerie.fr\/wp-content\/uploads\/2016\/10\/20140109_135640.jpg\" width=\"300\" height=\"225\" title=\"20140109_135640\" class=\"attachment-medium\" alt=\"20140109_135640\" \/>\t<\/dt>\n\t\t<dd class=\"wp-caption-text gallery-caption\">\n\t\tPorte issue de secours\t<\/dd><\/dl>\n\n<br class='clear' \/>\n\n\n<\/div>\n<p>&nbsp;[\/vc_column_text][\/vc_column][vc_column width=\u00a0\u00bb1\/6&Prime;][\/vc_column][\/vc_row]<\/p>\n","protected":false},"excerpt":{"rendered":"<p>[vc_row][vc_column width=\u00a0\u00bb5\/6&Prime;][vc_column_text css_animation=\u00a0\u00bbleft-to-right\u00a0\u00bb][\/vc_column_text][vc_column_text] R\u00e9alisation sur mesure de : portes Issue de secours,portes m\u00e9tallique, portes coupe-feu, sas d&rsquo;entr\u00e9e .. &nbsp;[\/vc_column_text][\/vc_column][vc_column width=\u00a0\u00bb1\/6&Prime;][\/vc_column][\/vc_row]<\/p>\n","protected":false},"author":1,"featured_media":0,"parent":0,"menu_order":0,"comment_status":"closed","ping_status":"closed","template":"","meta":{"footnotes":""},"categories":[],"tags":[],"yoast_head":"<!-- This site is optimized with the Yoast SEO plugin v21.9 - https:\/\/yoast.com\/wordpress\/plugins\/seo\/ -->\n<title>Menuiserie Metallique - Portes, cloisons et fen\u00eatres acier - ACPF Bollezeele<\/title>\n<meta name=\"description\" content=\"nous fabriquons tous types de menuiseries acier : portes Issue de secours,portes m\u00e9tallique, portes coupe-feu, sas d&#039;entr\u00e9e ..\" \/>\n<meta name=\"robots\" content=\"index, follow, max-snippet:-1, max-image-preview:large, max-video-preview:-1\" \/>\n<link rel=\"canonical\" href=\"http:\/\/www.acpf-metallerie.fr\/index.php\/menuiserie-metallique\/\" \/>\n<meta property=\"og:locale\" content=\"fr_FR\" \/>\n<meta property=\"og:type\" content=\"article\" \/>\n<meta property=\"og:title\" content=\"Menuiserie Metallique - SARL ACPF 59470 Bollezeele\" \/>\n<meta property=\"og:description\" content=\"nous fabriquons tous types de menuiseries acier : portes Issue de secours,portes m\u00e9tallique, portes coupe-feu, sas d&#039;entr\u00e9e ..\" \/>\n<meta property=\"og:url\" content=\"http:\/\/www.acpf-metallerie.fr\/index.php\/menuiserie-metallique\/\" \/>\n<meta property=\"og:site_name\" content=\"Metallerie Serrurerie ACPF\" \/>\n<meta property=\"article:publisher\" content=\"https:\/\/www.facebook.com\/SARL-ACPF-M%c3%a9tallerie-Serrurerie-153186021445266\/\" \/>\n<meta property=\"article:modified_time\" content=\"2017-03-28T07:02:37+00:00\" \/>\n<meta name=\"twitter:card\" content=\"summary_large_image\" \/>\n<script type=\"application\/ld+json\" class=\"yoast-schema-graph\">{\"@context\":\"https:\/\/schema.org\",\"@graph\":[{\"@type\":\"WebPage\",\"@id\":\"http:\/\/www.acpf-metallerie.fr\/index.php\/menuiserie-metallique\/\",\"url\":\"http:\/\/www.acpf-metallerie.fr\/index.php\/menuiserie-metallique\/\",\"name\":\"Menuiserie Metallique - Portes, cloisons et fen\u00eatres acier - ACPF Bollezeele\",\"isPartOf\":{\"@id\":\"https:\/\/www.acpf-metallerie.fr\/#website\"},\"datePublished\":\"2017-01-06T08:29:55+00:00\",\"dateModified\":\"2017-03-28T07:02:37+00:00\",\"description\":\"nous fabriquons tous types de menuiseries acier : portes Issue de secours,portes m\u00e9tallique, portes coupe-feu, sas d'entr\u00e9e ..\",\"breadcrumb\":{\"@id\":\"http:\/\/www.acpf-metallerie.fr\/index.php\/menuiserie-metallique\/#breadcrumb\"},\"inLanguage\":\"fr-FR\",\"potentialAction\":[{\"@type\":\"ReadAction\",\"target\":[\"http:\/\/www.acpf-metallerie.fr\/index.php\/menuiserie-metallique\/\"]}]},{\"@type\":\"BreadcrumbList\",\"@id\":\"http:\/\/www.acpf-metallerie.fr\/index.php\/menuiserie-metallique\/#breadcrumb\",\"itemListElement\":[{\"@type\":\"ListItem\",\"position\":1,\"name\":\"Accueil\",\"item\":\"https:\/\/www.acpf-metallerie.fr\/\"},{\"@type\":\"ListItem\",\"position\":2,\"name\":\"Menuiserie m\u00e9tallique\"}]},{\"@type\":\"WebSite\",\"@id\":\"https:\/\/www.acpf-metallerie.fr\/#website\",\"url\":\"https:\/\/www.acpf-metallerie.fr\/\",\"name\":\"Metallerie Serrurerie ACPF\",\"description\":\"Atelier Construction Peinture des Flandres\",\"potentialAction\":[{\"@type\":\"SearchAction\",\"target\":{\"@type\":\"EntryPoint\",\"urlTemplate\":\"https:\/\/www.acpf-metallerie.fr\/?s={search_term_string}\"},\"query-input\":\"required name=search_term_string\"}],\"inLanguage\":\"fr-FR\"}]}<\/script>\n<!-- \/ Yoast SEO plugin. -->","yoast_head_json":{"title":"Menuiserie Metallique - Portes, cloisons et fen\u00eatres acier - ACPF Bollezeele","description":"nous fabriquons tous types de menuiseries acier : portes Issue de secours,portes m\u00e9tallique, portes coupe-feu, sas d'entr\u00e9e ..","robots":{"index":"index","follow":"follow","max-snippet":"max-snippet:-1","max-image-preview":"max-image-preview:large","max-video-preview":"max-video-preview:-1"},"canonical":"http:\/\/www.acpf-metallerie.fr\/index.php\/menuiserie-metallique\/","og_locale":"fr_FR","og_type":"article","og_title":"Menuiserie Metallique - SARL ACPF 59470 Bollezeele","og_description":"nous fabriquons tous types de menuiseries acier : portes Issue de secours,portes m\u00e9tallique, portes coupe-feu, sas d'entr\u00e9e ..","og_url":"http:\/\/www.acpf-metallerie.fr\/index.php\/menuiserie-metallique\/","og_site_name":"Metallerie Serrurerie ACPF","article_publisher":"https:\/\/www.facebook.com\/SARL-ACPF-M%c3%a9tallerie-Serrurerie-153186021445266\/","article_modified_time":"2017-03-28T07:02:37+00:00","twitter_card":"summary_large_image","schema":{"@context":"https:\/\/schema.org","@graph":[{"@type":"WebPage","@id":"http:\/\/www.acpf-metallerie.fr\/index.php\/menuiserie-metallique\/","url":"http:\/\/www.acpf-metallerie.fr\/index.php\/menuiserie-metallique\/","name":"Menuiserie Metallique - Portes, cloisons et fen\u00eatres acier - ACPF Bollezeele","isPartOf":{"@id":"https:\/\/www.acpf-metallerie.fr\/#website"},"datePublished":"2017-01-06T08:29:55+00:00","dateModified":"2017-03-28T07:02:37+00:00","description":"nous fabriquons tous types de menuiseries acier : portes Issue de secours,portes m\u00e9tallique, portes coupe-feu, sas d'entr\u00e9e ..","breadcrumb":{"@id":"http:\/\/www.acpf-metallerie.fr\/index.php\/menuiserie-metallique\/#breadcrumb"},"inLanguage":"fr-FR","potentialAction":[{"@type":"ReadAction","target":["http:\/\/www.acpf-metallerie.fr\/index.php\/menuiserie-metallique\/"]}]},{"@type":"BreadcrumbList","@id":"http:\/\/www.acpf-metallerie.fr\/index.php\/menuiserie-metallique\/#breadcrumb","itemListElement":[{"@type":"ListItem","position":1,"name":"Accueil","item":"https:\/\/www.acpf-metallerie.fr\/"},{"@type":"ListItem","position":2,"name":"Menuiserie m\u00e9tallique"}]},{"@type":"WebSite","@id":"https:\/\/www.acpf-metallerie.fr\/#website","url":"https:\/\/www.acpf-metallerie.fr\/","name":"Metallerie Serrurerie ACPF","description":"Atelier Construction Peinture des Flandres","potentialAction":[{"@type":"SearchAction","target":{"@type":"EntryPoint","urlTemplate":"https:\/\/www.acpf-metallerie.fr\/?s={search_term_string}"},"query-input":"required name=search_term_string"}],"inLanguage":"fr-FR"}]}},"_links":{"self":[{"href":"https:\/\/www.acpf-metallerie.fr\/index.php\/wp-json\/wp\/v2\/pages\/84"}],"collection":[{"href":"https:\/\/www.acpf-metallerie.fr\/index.php\/wp-json\/wp\/v2\/pages"}],"about":[{"href":"https:\/\/www.acpf-metallerie.fr\/index.php\/wp-json\/wp\/v2\/types\/page"}],"author":[{"embeddable":true,"href":"https:\/\/www.acpf-metallerie.fr\/index.php\/wp-json\/wp\/v2\/users\/1"}],"replies":[{"embeddable":true,"href":"https:\/\/www.acpf-metallerie.fr\/index.php\/wp-json\/wp\/v2\/comments?post=84"}],"version-history":[{"count":13,"href":"https:\/\/www.acpf-metallerie.fr\/index.php\/wp-json\/wp\/v2\/pages\/84\/revisions"}],"predecessor-version":[{"id":214,"href":"https:\/\/www.acpf-metallerie.fr\/index.php\/wp-json\/wp\/v2\/pages\/84\/revisions\/214"}],"wp:attachment":[{"href":"https:\/\/www.acpf-metallerie.fr\/index.php\/wp-json\/wp\/v2\/media?parent=84"}],"wp:term":[{"taxonomy":"category","embeddable":true,"href":"https:\/\/www.acpf-metallerie.fr\/index.php\/wp-json\/wp\/v2\/categories?post=84"},{"taxonomy":"post_tag","embeddable":true,"href":"https:\/\/www.acpf-metallerie.fr\/index.php\/wp-json\/wp\/v2\/tags?post=84"}],"curies":[{"name":"wp","href":"https:\/\/api.w.org\/{rel}","templated":true}]}}