{"id":87,"date":"2017-01-06T09:30:32","date_gmt":"2017-01-06T08:30:32","guid":{"rendered":"http:\/\/www.acpf-metallerie.fr\/?page_id=87"},"modified":"2017-01-19T11:14:54","modified_gmt":"2017-01-19T10:14:54","slug":"ferronerie-serrurerie","status":"publish","type":"page","link":"https:\/\/www.acpf-metallerie.fr\/index.php\/ferronerie-serrurerie\/","title":{"rendered":"Ferronerie Serrurerie"},"content":{"rendered":"<p>[vc_row][vc_column][vc_column_text css_animation=\u00a0\u00bbappear\u00a0\u00bb]Fabrication sur mesure de garde-corps, portails,cl\u00f4tures barreaud\u00e9es, adaptation aux souhaits de nos clients avec respect des normes en vigueur.<\/p>\n<div id=\"gallery-1\" class=\"gallery galleryid-1 default columns_3 gallery-columns-3  gallery-size-large \">\n<dl class=\"gallery-item gallery-startcol\">\n\t<dt class=\"gallery-icon\">\t\t\t<img loading=\"lazy\" decoding=\"async\" src=\"https:\/\/www.acpf-metallerie.fr\/wp-content\/uploads\/2017\/01\/20160720_084721.jpg\" width=\"800\" height=\"450\" title=\"20160720_084721\" class=\"attachment-large\" alt=\"20160720_084721\" \/>\t<\/dt>\n\t\t<dd class=\"wp-caption-text gallery-caption\">\n\t\tgarde-corps\t<\/dd><\/dl>\n<dl class=\"gallery-item\">\n\t<dt class=\"gallery-icon\">\t\t\t<img loading=\"lazy\" decoding=\"async\" src=\"https:\/\/www.acpf-metallerie.fr\/wp-content\/uploads\/2017\/01\/20160720_084403.jpg\" width=\"800\" height=\"450\" title=\"20160720_084403\" class=\"attachment-large\" alt=\"20160720_084403\" \/>\t<\/dt>\n\t\t<dd class=\"wp-caption-text gallery-caption\">\n\t\tgarde-corps\t<\/dd><\/dl>\n<dl class=\"gallery-item gallery-endcol\">\n\t<dt class=\"gallery-icon\">\t\t\t<img loading=\"lazy\" decoding=\"async\" src=\"https:\/\/www.acpf-metallerie.fr\/wp-content\/uploads\/2017\/01\/20131017_135816-1024x768.jpg\" width=\"800\" height=\"600\" title=\"20131017_135816\" class=\"attachment-large\" alt=\"20131017_135816\" \/>\t<\/dt>\n\t\t<dd class=\"wp-caption-text gallery-caption\">\n\t\trampe\t<\/dd><\/dl>\n\n<br class='clear' \/>\n<dl class=\"gallery-item gallery-startcol\">\n\t<dt class=\"gallery-icon\">\t\t\t<img loading=\"lazy\" decoding=\"async\" src=\"https:\/\/www.acpf-metallerie.fr\/wp-content\/uploads\/2016\/10\/20131017_135824.jpg\" width=\"800\" height=\"600\" title=\"20131017_135824\" class=\"attachment-large\" alt=\"20131017_135824\" \/>\t<\/dt>\n\t\t<dd class=\"wp-caption-text gallery-caption\">\n\t\trampe\t<\/dd><\/dl>\n<dl class=\"gallery-item\">\n\t<dt class=\"gallery-icon\">\t\t\t<img loading=\"lazy\" decoding=\"async\" src=\"https:\/\/www.acpf-metallerie.fr\/wp-content\/uploads\/2016\/10\/20131017_135848.jpg\" width=\"800\" height=\"600\" title=\"Garde-corps galvanis\u00e9\" class=\"attachment-large\" alt=\"Garde-corps galvanis\u00e9\" \/>\t<\/dt>\n\t\t<dd class=\"wp-caption-text gallery-caption\">\n\t\trampe\t<\/dd><\/dl>\n<dl class=\"gallery-item gallery-endcol\">\n\t<dt class=\"gallery-icon\">\t\t\t<img loading=\"lazy\" decoding=\"async\" src=\"https:\/\/www.acpf-metallerie.fr\/wp-content\/uploads\/2016\/10\/2015-05-07-09.09.21.jpg\" width=\"800\" height=\"600\" title=\"2015-05-07-09-09-21\" class=\"attachment-large\" alt=\"2015-05-07-09-09-21\" \/>\t<\/dt>\n\t\t<dd class=\"wp-caption-text gallery-caption\">\n\t\tgarde-corps\t<\/dd><\/dl>\n\n<br class='clear' \/>\n<dl class=\"gallery-item gallery-startcol\">\n\t<dt class=\"gallery-icon\">\t\t\t<img loading=\"lazy\" decoding=\"async\" src=\"https:\/\/www.acpf-metallerie.fr\/wp-content\/uploads\/2016\/10\/2015-05-07-09.10.34.jpg\" width=\"768\" height=\"1024\" title=\"2015-05-07-09-10-34\" class=\"attachment-large\" alt=\"2015-05-07-09-10-34\" \/>\t<\/dt>\n\t\t<dd class=\"wp-caption-text gallery-caption\">\n\t\tgarde-corps\t<\/dd><\/dl>\n<dl class=\"gallery-item\">\n\t<dt class=\"gallery-icon\">\t\t\t<img loading=\"lazy\" decoding=\"async\" src=\"https:\/\/www.acpf-metallerie.fr\/wp-content\/uploads\/2017\/01\/2013-12-05-12.02.49-768x1024.jpg\" width=\"768\" height=\"1024\" title=\"2013-12-05-12-02-49\" class=\"attachment-large\" alt=\"2013-12-05-12-02-49\" \/>\t<\/dt>\n\t\t<dd class=\"wp-caption-text gallery-caption\">\n\t\tgarde-corps piscine\t<\/dd><\/dl>\n<dl class=\"gallery-item gallery-endcol\">\n\t<dt class=\"gallery-icon\">\t\t\t<img loading=\"lazy\" decoding=\"async\" src=\"https:\/\/www.acpf-metallerie.fr\/wp-content\/uploads\/2017\/01\/2013-12-05-11.56.34-768x1024.jpg\" width=\"768\" height=\"1024\" title=\"2013-12-05-11-56-34\" class=\"attachment-large\" alt=\"2013-12-05-11-56-34\" \/>\t<\/dt>\n\t\t<dd class=\"wp-caption-text gallery-caption\">\n\t\tgarde-corps piscine\t<\/dd><\/dl>\n\n<br class='clear' \/>\n<dl class=\"gallery-item gallery-startcol\">\n\t<dt class=\"gallery-icon\">\t\t\t<img loading=\"lazy\" decoding=\"async\" src=\"https:\/\/www.acpf-metallerie.fr\/wp-content\/uploads\/2017\/01\/IMG_20140226_120222.jpg\" width=\"735\" height=\"980\" title=\"img_20140226_120222\" class=\"attachment-large\" alt=\"img_20140226_120222\" \/>\t<\/dt>\n\t\t<dd class=\"wp-caption-text gallery-caption\">\n\t\tmain courante\t<\/dd><\/dl>\n<dl class=\"gallery-item\">\n\t<dt class=\"gallery-icon\">\t\t\t<img loading=\"lazy\" decoding=\"async\" src=\"https:\/\/www.acpf-metallerie.fr\/wp-content\/uploads\/2017\/01\/IMG_1479.jpg\" width=\"800\" height=\"600\" title=\"img_1479\" class=\"attachment-large\" alt=\"img_1479\" \/>\t<\/dt>\n\t\t<dd class=\"wp-caption-text gallery-caption\">\n\t\tpassage de sched\t<\/dd><\/dl>\n<dl class=\"gallery-item gallery-endcol\">\n\t<dt class=\"gallery-icon\">\t\t\t<img loading=\"lazy\" decoding=\"async\" src=\"https:\/\/www.acpf-metallerie.fr\/wp-content\/uploads\/2017\/01\/20131017_145006-768x1024.jpg\" width=\"768\" height=\"1024\" title=\"20131017_145006\" class=\"attachment-large\" alt=\"20131017_145006\" \/>\t<\/dt>\n\t\t<dd class=\"wp-caption-text gallery-caption\">\n\t\tescalier metallique\t<\/dd><\/dl>\n\n<br class='clear' \/>\n\n\n<\/div>\n<p>[\/vc_column_text][\/vc_column][\/vc_row][vc_row][vc_column][\/vc_column][\/vc_row]<\/p>\n","protected":false},"excerpt":{"rendered":"<p>[vc_row][vc_column][vc_column_text css_animation=\u00a0\u00bbappear\u00a0\u00bb]Fabrication sur mesure de garde-corps, portails,cl\u00f4tures barreaud\u00e9es, adaptation aux souhaits de nos clients avec respect des normes en vigueur. [\/vc_column_text][\/vc_column][\/vc_row][vc_row][vc_column][\/vc_column][\/vc_row]<\/p>\n","protected":false},"author":1,"featured_media":0,"parent":0,"menu_order":0,"comment_status":"closed","ping_status":"closed","template":"","meta":{"footnotes":""},"categories":[],"tags":[],"yoast_head":"<!-- This site is optimized with the Yoast SEO plugin v21.9 - https:\/\/yoast.com\/wordpress\/plugins\/seo\/ -->\n<title>Metallerie-Serrurerie ACPF Bollezeele 59470<\/title>\n<meta name=\"description\" content=\"Ferronnerie serrurerie install\u00e9e \u00e0 Bollezeele dans le Nord, fabrication sur mesure de garde-corps, portails,cl\u00f4tures barreaud\u00e9es...\" \/>\n<meta name=\"robots\" content=\"index, follow, max-snippet:-1, max-image-preview:large, max-video-preview:-1\" \/>\n<link rel=\"canonical\" href=\"https:\/\/www.acpf-metallerie.fr\/index.php\/ferronerie-serrurerie\/\" \/>\n<meta property=\"og:locale\" content=\"fr_FR\" \/>\n<meta property=\"og:type\" content=\"article\" \/>\n<meta property=\"og:title\" content=\"Metallerie-Serrurerie ACPF Bollezeele 59470\" \/>\n<meta property=\"og:description\" content=\"Ferronnerie serrurerie install\u00e9e \u00e0 Bollezeele dans le Nord, fabrication sur mesure de garde-corps, portails,cl\u00f4tures barreaud\u00e9es...\" \/>\n<meta property=\"og:url\" content=\"https:\/\/www.acpf-metallerie.fr\/index.php\/ferronerie-serrurerie\/\" \/>\n<meta property=\"og:site_name\" content=\"Metallerie Serrurerie ACPF\" \/>\n<meta property=\"article:publisher\" content=\"https:\/\/www.facebook.com\/SARL-ACPF-M%c3%a9tallerie-Serrurerie-153186021445266\/\" \/>\n<meta property=\"article:modified_time\" content=\"2017-01-19T10:14:54+00:00\" \/>\n<meta name=\"twitter:card\" content=\"summary_large_image\" \/>\n<script type=\"application\/ld+json\" class=\"yoast-schema-graph\">{\"@context\":\"https:\/\/schema.org\",\"@graph\":[{\"@type\":\"WebPage\",\"@id\":\"https:\/\/www.acpf-metallerie.fr\/index.php\/ferronerie-serrurerie\/\",\"url\":\"https:\/\/www.acpf-metallerie.fr\/index.php\/ferronerie-serrurerie\/\",\"name\":\"Metallerie-Serrurerie ACPF Bollezeele 59470\",\"isPartOf\":{\"@id\":\"https:\/\/www.acpf-metallerie.fr\/#website\"},\"datePublished\":\"2017-01-06T08:30:32+00:00\",\"dateModified\":\"2017-01-19T10:14:54+00:00\",\"description\":\"Ferronnerie serrurerie install\u00e9e \u00e0 Bollezeele dans le Nord, fabrication sur mesure de garde-corps, portails,cl\u00f4tures barreaud\u00e9es...\",\"breadcrumb\":{\"@id\":\"https:\/\/www.acpf-metallerie.fr\/index.php\/ferronerie-serrurerie\/#breadcrumb\"},\"inLanguage\":\"fr-FR\",\"potentialAction\":[{\"@type\":\"ReadAction\",\"target\":[\"https:\/\/www.acpf-metallerie.fr\/index.php\/ferronerie-serrurerie\/\"]}]},{\"@type\":\"BreadcrumbList\",\"@id\":\"https:\/\/www.acpf-metallerie.fr\/index.php\/ferronerie-serrurerie\/#breadcrumb\",\"itemListElement\":[{\"@type\":\"ListItem\",\"position\":1,\"name\":\"Accueil\",\"item\":\"https:\/\/www.acpf-metallerie.fr\/\"},{\"@type\":\"ListItem\",\"position\":2,\"name\":\"Ferronerie Serrurerie\"}]},{\"@type\":\"WebSite\",\"@id\":\"https:\/\/www.acpf-metallerie.fr\/#website\",\"url\":\"https:\/\/www.acpf-metallerie.fr\/\",\"name\":\"Metallerie Serrurerie ACPF\",\"description\":\"Atelier Construction Peinture des Flandres\",\"potentialAction\":[{\"@type\":\"SearchAction\",\"target\":{\"@type\":\"EntryPoint\",\"urlTemplate\":\"https:\/\/www.acpf-metallerie.fr\/?s={search_term_string}\"},\"query-input\":\"required name=search_term_string\"}],\"inLanguage\":\"fr-FR\"}]}<\/script>\n<!-- \/ Yoast SEO plugin. -->","yoast_head_json":{"title":"Metallerie-Serrurerie ACPF Bollezeele 59470","description":"Ferronnerie serrurerie install\u00e9e \u00e0 Bollezeele dans le Nord, fabrication sur mesure de garde-corps, portails,cl\u00f4tures barreaud\u00e9es...","robots":{"index":"index","follow":"follow","max-snippet":"max-snippet:-1","max-image-preview":"max-image-preview:large","max-video-preview":"max-video-preview:-1"},"canonical":"https:\/\/www.acpf-metallerie.fr\/index.php\/ferronerie-serrurerie\/","og_locale":"fr_FR","og_type":"article","og_title":"Metallerie-Serrurerie ACPF Bollezeele 59470","og_description":"Ferronnerie serrurerie install\u00e9e \u00e0 Bollezeele dans le Nord, fabrication sur mesure de garde-corps, portails,cl\u00f4tures barreaud\u00e9es...","og_url":"https:\/\/www.acpf-metallerie.fr\/index.php\/ferronerie-serrurerie\/","og_site_name":"Metallerie Serrurerie ACPF","article_publisher":"https:\/\/www.facebook.com\/SARL-ACPF-M%c3%a9tallerie-Serrurerie-153186021445266\/","article_modified_time":"2017-01-19T10:14:54+00:00","twitter_card":"summary_large_image","schema":{"@context":"https:\/\/schema.org","@graph":[{"@type":"WebPage","@id":"https:\/\/www.acpf-metallerie.fr\/index.php\/ferronerie-serrurerie\/","url":"https:\/\/www.acpf-metallerie.fr\/index.php\/ferronerie-serrurerie\/","name":"Metallerie-Serrurerie ACPF Bollezeele 59470","isPartOf":{"@id":"https:\/\/www.acpf-metallerie.fr\/#website"},"datePublished":"2017-01-06T08:30:32+00:00","dateModified":"2017-01-19T10:14:54+00:00","description":"Ferronnerie serrurerie install\u00e9e \u00e0 Bollezeele dans le Nord, fabrication sur mesure de garde-corps, portails,cl\u00f4tures barreaud\u00e9es...","breadcrumb":{"@id":"https:\/\/www.acpf-metallerie.fr\/index.php\/ferronerie-serrurerie\/#breadcrumb"},"inLanguage":"fr-FR","potentialAction":[{"@type":"ReadAction","target":["https:\/\/www.acpf-metallerie.fr\/index.php\/ferronerie-serrurerie\/"]}]},{"@type":"BreadcrumbList","@id":"https:\/\/www.acpf-metallerie.fr\/index.php\/ferronerie-serrurerie\/#breadcrumb","itemListElement":[{"@type":"ListItem","position":1,"name":"Accueil","item":"https:\/\/www.acpf-metallerie.fr\/"},{"@type":"ListItem","position":2,"name":"Ferronerie Serrurerie"}]},{"@type":"WebSite","@id":"https:\/\/www.acpf-metallerie.fr\/#website","url":"https:\/\/www.acpf-metallerie.fr\/","name":"Metallerie Serrurerie ACPF","description":"Atelier Construction Peinture des Flandres","potentialAction":[{"@type":"SearchAction","target":{"@type":"EntryPoint","urlTemplate":"https:\/\/www.acpf-metallerie.fr\/?s={search_term_string}"},"query-input":"required name=search_term_string"}],"inLanguage":"fr-FR"}]}},"_links":{"self":[{"href":"https:\/\/www.acpf-metallerie.fr\/index.php\/wp-json\/wp\/v2\/pages\/87"}],"collection":[{"href":"https:\/\/www.acpf-metallerie.fr\/index.php\/wp-json\/wp\/v2\/pages"}],"about":[{"href":"https:\/\/www.acpf-metallerie.fr\/index.php\/wp-json\/wp\/v2\/types\/page"}],"author":[{"embeddable":true,"href":"https:\/\/www.acpf-metallerie.fr\/index.php\/wp-json\/wp\/v2\/users\/1"}],"replies":[{"embeddable":true,"href":"https:\/\/www.acpf-metallerie.fr\/index.php\/wp-json\/wp\/v2\/comments?post=87"}],"version-history":[{"count":26,"href":"https:\/\/www.acpf-metallerie.fr\/index.php\/wp-json\/wp\/v2\/pages\/87\/revisions"}],"predecessor-version":[{"id":90,"href":"https:\/\/www.acpf-metallerie.fr\/index.php\/wp-json\/wp\/v2\/pages\/87\/revisions\/90"}],"wp:attachment":[{"href":"https:\/\/www.acpf-metallerie.fr\/index.php\/wp-json\/wp\/v2\/media?parent=87"}],"wp:term":[{"taxonomy":"category","embeddable":true,"href":"https:\/\/www.acpf-metallerie.fr\/index.php\/wp-json\/wp\/v2\/categories?post=87"},{"taxonomy":"post_tag","embeddable":true,"href":"https:\/\/www.acpf-metallerie.fr\/index.php\/wp-json\/wp\/v2\/tags?post=87"}],"curies":[{"name":"wp","href":"https:\/\/api.w.org\/{rel}","templated":true}]}}