{"id":95,"date":"2017-01-06T09:41:23","date_gmt":"2017-01-06T08:41:23","guid":{"rendered":"http:\/\/www.acpf-metallerie.fr\/?page_id=95"},"modified":"2017-01-19T11:59:05","modified_gmt":"2017-01-19T10:59:05","slug":"plan-dacces","status":"publish","type":"page","link":"https:\/\/www.acpf-metallerie.fr\/index.php\/plan-dacces\/","title":{"rendered":"Plan d&rsquo;acc\u00e8s"},"content":{"rendered":"<p>[vc_row][vc_column][vc_column_text]Vous souhaitez nous rendre visite :<\/p>\n<p>cliquez sur le plan d&rsquo;acc\u00e8s ci-dessous.[\/vc_column_text][vc_gmaps link=\u00a0\u00bb#E-8_JTNDaWZyYW1lJTIwc3JjJTNEJTIyaHR0cHMlM0ElMkYlMkZ3d3cuZ29vZ2xlLmNvbSUyRm1hcHMlMkZlbWJlZCUzRnBiJTNEJTIxMW0xOCUyMTFtMTIlMjExbTMlMjExZDI1MTcuOTU4NDM4MDc2MTkzNSUyMTJkMi4zNDQ3ODQ0NTE1MTUyNzUlMjEzZDUwLjg2ODk2OTE3OTQzNDk0JTIxMm0zJTIxMWYwJTIxMmYwJTIxM2YwJTIxM20yJTIxMWkxMDI0JTIxMmk3NjglMjE0ZjEzLjElMjEzbTMlMjExbTIlMjExczB4NDdkY2Y2ZDQ4ODhiNWZkMyUyNTNBMHg1MmIxMzdjNzZlYmQ1MjAxJTIxMnNBJTJCQyUyQlAlMkJGJTIxNWUwJTIxM20yJTIxMXNmciUyMTJzZnIlMjE0djE0NzU4MzYwNTk5NTklMjIlMjB3aWR0aCUzRCUyMjYwMCUyMiUyMGhlaWdodCUzRCUyMjQ1MCUyMiUyMGZyYW1lYm9yZGVyJTNEJTIyMCUyMiUyMHN0eWxlJTNEJTIyYm9yZGVyJTNBMCUyMiUyMGFsbG93ZnVsbHNjcmVlbiUzRSUzQyUyRmlmcmFtZSUzRQ==\u00a0\u00bb title=\u00a0\u00bbPlan d&rsquo;acc\u00e8s M\u00e9tallerie ACPF\u00a0\u00bb][\/vc_column][\/vc_row]<\/p>\n","protected":false},"excerpt":{"rendered":"<p>[vc_row][vc_column][vc_column_text]Vous souhaitez nous rendre visite : cliquez sur le plan d&rsquo;acc\u00e8s ci-dessous.[\/vc_column_text][vc_gmaps link=\u00a0\u00bb#E-8_JTNDaWZyYW1lJTIwc3JjJTNEJTIyaHR0cHMlM0ElMkYlMkZ3d3cuZ29vZ2xlLmNvbSUyRm1hcHMlMkZlbWJlZCUzRnBiJTNEJTIxMW0xOCUyMTFtMTIlMjExbTMlMjExZDI1MTcuOTU4NDM4MDc2MTkzNSUyMTJkMi4zNDQ3ODQ0NTE1MTUyNzUlMjEzZDUwLjg2ODk2OTE3OTQzNDk0JTIxMm0zJTIxMWYwJTIxMmYwJTIxM2YwJTIxM20yJTIxMWkxMDI0JTIxMmk3NjglMjE0ZjEzLjElMjEzbTMlMjExbTIlMjExczB4NDdkY2Y2ZDQ4ODhiNWZkMyUyNTNBMHg1MmIxMzdjNzZlYmQ1MjAxJTIxMnNBJTJCQyUyQlAlMkJGJTIxNWUwJTIxM20yJTIxMXNmciUyMTJzZnIlMjE0djE0NzU4MzYwNTk5NTklMjIlMjB3aWR0aCUzRCUyMjYwMCUyMiUyMGhlaWdodCUzRCUyMjQ1MCUyMiUyMGZyYW1lYm9yZGVyJTNEJTIyMCUyMiUyMHN0eWxlJTNEJTIyYm9yZGVyJTNBMCUyMiUyMGFsbG93ZnVsbHNjcmVlbiUzRSUzQyUyRmlmcmFtZSUzRQ==\u00a0\u00bb title=\u00a0\u00bbPlan d&rsquo;acc\u00e8s M\u00e9tallerie ACPF\u00a0\u00bb][\/vc_column][\/vc_row]<\/p>\n","protected":false},"author":1,"featured_media":0,"parent":0,"menu_order":0,"comment_status":"closed","ping_status":"closed","template":"","meta":{"footnotes":""},"categories":[],"tags":[],"yoast_head":"<!-- This site is optimized with the Yoast SEO plugin v21.9 - https:\/\/yoast.com\/wordpress\/plugins\/seo\/ -->\n<title>Plan d&#039;acc\u00e8s M\u00e9tallerie ACPF Bollezeele 59470<\/title>\n<meta name=\"description\" content=\"Nous rendre visite : Plan d&#039;acc\u00e8s Metallerie-serrurerie ACPF 59470 Bollezeele.\" \/>\n<meta name=\"robots\" content=\"index, follow, max-snippet:-1, max-image-preview:large, max-video-preview:-1\" \/>\n<link rel=\"canonical\" href=\"https:\/\/www.acpf-metallerie.fr\/index.php\/plan-dacces\/\" \/>\n<meta property=\"og:locale\" content=\"fr_FR\" \/>\n<meta property=\"og:type\" content=\"article\" \/>\n<meta property=\"og:title\" content=\"Plan d&#039;acc\u00e8s M\u00e9tallerie ACPF Bollezeele 59470\" \/>\n<meta property=\"og:description\" content=\"Nous rendre visite : Plan d&#039;acc\u00e8s Metallerie-serrurerie ACPF 59470 Bollezeele.\" \/>\n<meta property=\"og:url\" content=\"https:\/\/www.acpf-metallerie.fr\/index.php\/plan-dacces\/\" \/>\n<meta property=\"og:site_name\" content=\"Metallerie Serrurerie ACPF\" \/>\n<meta property=\"article:publisher\" content=\"https:\/\/www.facebook.com\/SARL-ACPF-M%c3%a9tallerie-Serrurerie-153186021445266\/\" \/>\n<meta property=\"article:modified_time\" content=\"2017-01-19T10:59:05+00:00\" \/>\n<meta name=\"twitter:card\" content=\"summary_large_image\" \/>\n<script type=\"application\/ld+json\" class=\"yoast-schema-graph\">{\"@context\":\"https:\/\/schema.org\",\"@graph\":[{\"@type\":\"WebPage\",\"@id\":\"https:\/\/www.acpf-metallerie.fr\/index.php\/plan-dacces\/\",\"url\":\"https:\/\/www.acpf-metallerie.fr\/index.php\/plan-dacces\/\",\"name\":\"Plan d'acc\u00e8s M\u00e9tallerie ACPF Bollezeele 59470\",\"isPartOf\":{\"@id\":\"https:\/\/www.acpf-metallerie.fr\/#website\"},\"datePublished\":\"2017-01-06T08:41:23+00:00\",\"dateModified\":\"2017-01-19T10:59:05+00:00\",\"description\":\"Nous rendre visite : Plan d'acc\u00e8s Metallerie-serrurerie ACPF 59470 Bollezeele.\",\"breadcrumb\":{\"@id\":\"https:\/\/www.acpf-metallerie.fr\/index.php\/plan-dacces\/#breadcrumb\"},\"inLanguage\":\"fr-FR\",\"potentialAction\":[{\"@type\":\"ReadAction\",\"target\":[\"https:\/\/www.acpf-metallerie.fr\/index.php\/plan-dacces\/\"]}]},{\"@type\":\"BreadcrumbList\",\"@id\":\"https:\/\/www.acpf-metallerie.fr\/index.php\/plan-dacces\/#breadcrumb\",\"itemListElement\":[{\"@type\":\"ListItem\",\"position\":1,\"name\":\"Accueil\",\"item\":\"https:\/\/www.acpf-metallerie.fr\/\"},{\"@type\":\"ListItem\",\"position\":2,\"name\":\"Plan d&rsquo;acc\u00e8s\"}]},{\"@type\":\"WebSite\",\"@id\":\"https:\/\/www.acpf-metallerie.fr\/#website\",\"url\":\"https:\/\/www.acpf-metallerie.fr\/\",\"name\":\"Metallerie Serrurerie ACPF\",\"description\":\"Atelier Construction Peinture des Flandres\",\"potentialAction\":[{\"@type\":\"SearchAction\",\"target\":{\"@type\":\"EntryPoint\",\"urlTemplate\":\"https:\/\/www.acpf-metallerie.fr\/?s={search_term_string}\"},\"query-input\":\"required name=search_term_string\"}],\"inLanguage\":\"fr-FR\"}]}<\/script>\n<!-- \/ Yoast SEO plugin. -->","yoast_head_json":{"title":"Plan d'acc\u00e8s M\u00e9tallerie ACPF Bollezeele 59470","description":"Nous rendre visite : Plan d'acc\u00e8s Metallerie-serrurerie ACPF 59470 Bollezeele.","robots":{"index":"index","follow":"follow","max-snippet":"max-snippet:-1","max-image-preview":"max-image-preview:large","max-video-preview":"max-video-preview:-1"},"canonical":"https:\/\/www.acpf-metallerie.fr\/index.php\/plan-dacces\/","og_locale":"fr_FR","og_type":"article","og_title":"Plan d'acc\u00e8s M\u00e9tallerie ACPF Bollezeele 59470","og_description":"Nous rendre visite : Plan d'acc\u00e8s Metallerie-serrurerie ACPF 59470 Bollezeele.","og_url":"https:\/\/www.acpf-metallerie.fr\/index.php\/plan-dacces\/","og_site_name":"Metallerie Serrurerie ACPF","article_publisher":"https:\/\/www.facebook.com\/SARL-ACPF-M%c3%a9tallerie-Serrurerie-153186021445266\/","article_modified_time":"2017-01-19T10:59:05+00:00","twitter_card":"summary_large_image","schema":{"@context":"https:\/\/schema.org","@graph":[{"@type":"WebPage","@id":"https:\/\/www.acpf-metallerie.fr\/index.php\/plan-dacces\/","url":"https:\/\/www.acpf-metallerie.fr\/index.php\/plan-dacces\/","name":"Plan d'acc\u00e8s M\u00e9tallerie ACPF Bollezeele 59470","isPartOf":{"@id":"https:\/\/www.acpf-metallerie.fr\/#website"},"datePublished":"2017-01-06T08:41:23+00:00","dateModified":"2017-01-19T10:59:05+00:00","description":"Nous rendre visite : Plan d'acc\u00e8s Metallerie-serrurerie ACPF 59470 Bollezeele.","breadcrumb":{"@id":"https:\/\/www.acpf-metallerie.fr\/index.php\/plan-dacces\/#breadcrumb"},"inLanguage":"fr-FR","potentialAction":[{"@type":"ReadAction","target":["https:\/\/www.acpf-metallerie.fr\/index.php\/plan-dacces\/"]}]},{"@type":"BreadcrumbList","@id":"https:\/\/www.acpf-metallerie.fr\/index.php\/plan-dacces\/#breadcrumb","itemListElement":[{"@type":"ListItem","position":1,"name":"Accueil","item":"https:\/\/www.acpf-metallerie.fr\/"},{"@type":"ListItem","position":2,"name":"Plan d&rsquo;acc\u00e8s"}]},{"@type":"WebSite","@id":"https:\/\/www.acpf-metallerie.fr\/#website","url":"https:\/\/www.acpf-metallerie.fr\/","name":"Metallerie Serrurerie ACPF","description":"Atelier Construction Peinture des Flandres","potentialAction":[{"@type":"SearchAction","target":{"@type":"EntryPoint","urlTemplate":"https:\/\/www.acpf-metallerie.fr\/?s={search_term_string}"},"query-input":"required name=search_term_string"}],"inLanguage":"fr-FR"}]}},"_links":{"self":[{"href":"https:\/\/www.acpf-metallerie.fr\/index.php\/wp-json\/wp\/v2\/pages\/95"}],"collection":[{"href":"https:\/\/www.acpf-metallerie.fr\/index.php\/wp-json\/wp\/v2\/pages"}],"about":[{"href":"https:\/\/www.acpf-metallerie.fr\/index.php\/wp-json\/wp\/v2\/types\/page"}],"author":[{"embeddable":true,"href":"https:\/\/www.acpf-metallerie.fr\/index.php\/wp-json\/wp\/v2\/users\/1"}],"replies":[{"embeddable":true,"href":"https:\/\/www.acpf-metallerie.fr\/index.php\/wp-json\/wp\/v2\/comments?post=95"}],"version-history":[{"count":4,"href":"https:\/\/www.acpf-metallerie.fr\/index.php\/wp-json\/wp\/v2\/pages\/95\/revisions"}],"predecessor-version":[{"id":183,"href":"https:\/\/www.acpf-metallerie.fr\/index.php\/wp-json\/wp\/v2\/pages\/95\/revisions\/183"}],"wp:attachment":[{"href":"https:\/\/www.acpf-metallerie.fr\/index.php\/wp-json\/wp\/v2\/media?parent=95"}],"wp:term":[{"taxonomy":"category","embeddable":true,"href":"https:\/\/www.acpf-metallerie.fr\/index.php\/wp-json\/wp\/v2\/categories?post=95"},{"taxonomy":"post_tag","embeddable":true,"href":"https:\/\/www.acpf-metallerie.fr\/index.php\/wp-json\/wp\/v2\/tags?post=95"}],"curies":[{"name":"wp","href":"https:\/\/api.w.org\/{rel}","templated":true}]}}